{"id":428,"date":"2018-07-17T13:15:36","date_gmt":"2018-07-17T11:15:36","guid":{"rendered":"https:\/\/reisender.ch\/?page_id=428"},"modified":"2024-11-15T16:29:34","modified_gmt":"2024-11-15T15:29:34","slug":"reiseberichte","status":"publish","type":"page","link":"https:\/\/reisender.ch\/?page_id=428","title":{"rendered":"Peter Marugg"},"content":{"rendered":"<h2>\u201cLife is beautiful if you are on the road to somewhere.\u201d<\/h2>\n<p>&nbsp;<\/p>\n<p><img loading=\"lazy\" decoding=\"async\" class=\"alignnone wp-image-435\" src=\"https:\/\/reisender.ch\/wp-content\/uploads\/2018\/07\/356-Peter-Marugg-555892.jpg\" alt=\"\" width=\"862\" height=\"580\" srcset=\"https:\/\/reisender.ch\/wp-content\/uploads\/2018\/07\/356-Peter-Marugg-555892.jpg 802w, https:\/\/reisender.ch\/wp-content\/uploads\/2018\/07\/356-Peter-Marugg-555892-300x202.jpg 300w, https:\/\/reisender.ch\/wp-content\/uploads\/2018\/07\/356-Peter-Marugg-555892-768x517.jpg 768w\" sizes=\"auto, (max-width: 862px) 100vw, 862px\" \/><\/p>\n<div class=\"box up intro\">\n<h1>Reisen f\u00fcr Abenteurer &#8211; f\u00fcr Tr\u00e4umer &#8211; f\u00fcr Dich!<\/h1>\n<p>Reisen ist f\u00fcr mich die sch\u00f6nste Nebensache der Welt. F\u00fcr dich auch? Dann bist du hier richtig!<br \/>\nReiseberichte aus der ganzen Welt aber mit Fokus auf S\u00fcdrankreich, die Cote d&#8216; Azur.<br \/>\nHier findest Du Reisetipps und Erlebnisse rund um die Welt. Von atemberaubenden K\u00fcsten,<br \/>\nvon Californien bis Europa. F\u00fcr Tr\u00e4umer und Geniesser, Fotografen, Feinschmecker, Reiseplaner<br \/>\nund Spontis. F\u00fcr alle, die diese Welt lieben. F\u00fcr dich!<\/p>\n<\/div>\n<h3>See you there soon!<\/h3>\n<h3><span id=\"result_box\" class=\"short_text\" lang=\"en\"><span class=\"\">Greetings warmly<\/span><\/span> Peter Marugg<\/h3>\n<p><img loading=\"lazy\" decoding=\"async\" class=\"alignleft wp-image-1560\" src=\"https:\/\/reisender.ch\/wp-content\/uploads\/2022\/05\/PM-Saint-Tropez-3673hh4774-scaled.jpg\" alt=\"\" width=\"382\" height=\"509\" srcset=\"https:\/\/reisender.ch\/wp-content\/uploads\/2022\/05\/PM-Saint-Tropez-3673hh4774-scaled.jpg 1920w, https:\/\/reisender.ch\/wp-content\/uploads\/2022\/05\/PM-Saint-Tropez-3673hh4774-225x300.jpg 225w, https:\/\/reisender.ch\/wp-content\/uploads\/2022\/05\/PM-Saint-Tropez-3673hh4774-768x1024.jpg 768w, https:\/\/reisender.ch\/wp-content\/uploads\/2022\/05\/PM-Saint-Tropez-3673hh4774-1152x1536.jpg 1152w, https:\/\/reisender.ch\/wp-content\/uploads\/2022\/05\/PM-Saint-Tropez-3673hh4774-1536x2048.jpg 1536w\" sizes=\"auto, (max-width: 382px) 100vw, 382px\" \/><\/p>\n<p>&nbsp;<\/p>\n<p>&nbsp;<\/p>\n","protected":false},"excerpt":{"rendered":"<p>\u201cLife is beautiful if you are on the road to somewhere.\u201d &nbsp; Reisen f\u00fcr Abenteurer &#8211; f\u00fcr Tr\u00e4umer &#8211; f\u00fcr Dich! Reisen ist f\u00fcr mich die sch\u00f6nste Nebensache der Welt. F\u00fcr dich auch? Dann bist du hier richtig! Reiseberichte aus der ganzen Welt aber mit Fokus auf S\u00fcdrankreich, die Cote d&#8216; Azur. Hier findest Du&hellip;<\/p>\n","protected":false},"author":3,"featured_media":0,"parent":0,"menu_order":0,"comment_status":"closed","ping_status":"closed","template":"","meta":{"footnotes":""},"class_list":["post-428","page","type-page","status-publish","hentry"],"yoast_head":"<!-- This site is optimized with the Yoast SEO plugin v27.3 - https:\/\/yoast.com\/product\/yoast-seo-wordpress\/ -->\n<title>Peter Marugg - &quot;COLLECT MEMORIES NOT THINGS&quot;<\/title>\n<meta name=\"description\" content=\"per\u00f6nliche Reiseberichte von Peter Marugg\" \/>\n<meta name=\"robots\" content=\"index, follow, max-snippet:-1, max-image-preview:large, max-video-preview:-1\" \/>\n<link rel=\"canonical\" href=\"https:\/\/reisender.ch\/?page_id=428\" \/>\n<meta property=\"og:locale\" content=\"de_DE\" \/>\n<meta property=\"og:type\" content=\"article\" \/>\n<meta property=\"og:title\" content=\"Peter Marugg - &quot;COLLECT MEMORIES NOT THINGS&quot;\" \/>\n<meta property=\"og:description\" content=\"per\u00f6nliche Reiseberichte von Peter Marugg\" \/>\n<meta property=\"og:url\" content=\"https:\/\/reisender.ch\/?page_id=428\" \/>\n<meta property=\"og:site_name\" content=\"&quot;COLLECT MEMORIES NOT THINGS&quot;\" \/>\n<meta property=\"article:modified_time\" content=\"2024-11-15T15:29:34+00:00\" \/>\n<meta property=\"og:image\" content=\"https:\/\/reisender.ch\/wp-content\/uploads\/2018\/07\/356-Peter-Marugg-555892.jpg\" \/>\n\t<meta property=\"og:image:width\" content=\"802\" \/>\n\t<meta property=\"og:image:height\" content=\"540\" \/>\n\t<meta property=\"og:image:type\" content=\"image\/jpeg\" \/>\n<meta name=\"twitter:card\" content=\"summary_large_image\" \/>\n<meta name=\"twitter:label1\" content=\"Gesch\u00e4tzte Lesezeit\" \/>\n\t<meta name=\"twitter:data1\" content=\"1\u00a0Minute\" \/>\n<script type=\"application\/ld+json\" class=\"yoast-schema-graph\">{\"@context\":\"https:\\\/\\\/schema.org\",\"@graph\":[{\"@type\":\"WebPage\",\"@id\":\"https:\\\/\\\/reisender.ch\\\/?page_id=428\",\"url\":\"https:\\\/\\\/reisender.ch\\\/?page_id=428\",\"name\":\"Peter Marugg - &quot;COLLECT MEMORIES NOT THINGS&quot;\",\"isPartOf\":{\"@id\":\"https:\\\/\\\/reisender.ch\\\/#website\"},\"primaryImageOfPage\":{\"@id\":\"https:\\\/\\\/reisender.ch\\\/?page_id=428#primaryimage\"},\"image\":{\"@id\":\"https:\\\/\\\/reisender.ch\\\/?page_id=428#primaryimage\"},\"thumbnailUrl\":\"https:\\\/\\\/reisender.ch\\\/wp-content\\\/uploads\\\/2018\\\/07\\\/356-Peter-Marugg-555892.jpg\",\"datePublished\":\"2018-07-17T11:15:36+00:00\",\"dateModified\":\"2024-11-15T15:29:34+00:00\",\"description\":\"per\u00f6nliche Reiseberichte von Peter Marugg\",\"breadcrumb\":{\"@id\":\"https:\\\/\\\/reisender.ch\\\/?page_id=428#breadcrumb\"},\"inLanguage\":\"de\",\"potentialAction\":[{\"@type\":\"ReadAction\",\"target\":[\"https:\\\/\\\/reisender.ch\\\/?page_id=428\"]}]},{\"@type\":\"ImageObject\",\"inLanguage\":\"de\",\"@id\":\"https:\\\/\\\/reisender.ch\\\/?page_id=428#primaryimage\",\"url\":\"https:\\\/\\\/reisender.ch\\\/wp-content\\\/uploads\\\/2018\\\/07\\\/356-Peter-Marugg-555892.jpg\",\"contentUrl\":\"https:\\\/\\\/reisender.ch\\\/wp-content\\\/uploads\\\/2018\\\/07\\\/356-Peter-Marugg-555892.jpg\",\"width\":802,\"height\":540},{\"@type\":\"BreadcrumbList\",\"@id\":\"https:\\\/\\\/reisender.ch\\\/?page_id=428#breadcrumb\",\"itemListElement\":[{\"@type\":\"ListItem\",\"position\":1,\"name\":\"Startseite\",\"item\":\"https:\\\/\\\/reisender.ch\\\/\"},{\"@type\":\"ListItem\",\"position\":2,\"name\":\"Peter Marugg\"}]},{\"@type\":\"WebSite\",\"@id\":\"https:\\\/\\\/reisender.ch\\\/#website\",\"url\":\"https:\\\/\\\/reisender.ch\\\/\",\"name\":\"Reiseberichte \\\"COLLECT MEMORIES NOT THINGS\\\"\",\"description\":\"Reiseberichte von Peter Marugg\",\"publisher\":{\"@id\":\"https:\\\/\\\/reisender.ch\\\/#\\\/schema\\\/person\\\/7a2a5b216278d810a7b5b4d345332d46\"},\"potentialAction\":[{\"@type\":\"SearchAction\",\"target\":{\"@type\":\"EntryPoint\",\"urlTemplate\":\"https:\\\/\\\/reisender.ch\\\/?s={search_term_string}\"},\"query-input\":{\"@type\":\"PropertyValueSpecification\",\"valueRequired\":true,\"valueName\":\"search_term_string\"}}],\"inLanguage\":\"de\"},{\"@type\":[\"Person\",\"Organization\"],\"@id\":\"https:\\\/\\\/reisender.ch\\\/#\\\/schema\\\/person\\\/7a2a5b216278d810a7b5b4d345332d46\",\"name\":\"Peter Marugg\",\"image\":{\"@type\":\"ImageObject\",\"inLanguage\":\"de\",\"@id\":\"https:\\\/\\\/reisender.ch\\\/wp-content\\\/uploads\\\/2021\\\/11\\\/Peter-Marugg-14.jpg\",\"url\":\"https:\\\/\\\/reisender.ch\\\/wp-content\\\/uploads\\\/2021\\\/11\\\/Peter-Marugg-14.jpg\",\"contentUrl\":\"https:\\\/\\\/reisender.ch\\\/wp-content\\\/uploads\\\/2021\\\/11\\\/Peter-Marugg-14.jpg\",\"width\":400,\"height\":400,\"caption\":\"Peter Marugg\"},\"logo\":{\"@id\":\"https:\\\/\\\/reisender.ch\\\/wp-content\\\/uploads\\\/2021\\\/11\\\/Peter-Marugg-14.jpg\"},\"sameAs\":[\"http:\\\/\\\/www.marugg-marketing.ch\\\/\"]}]}<\/script>\n<!-- \/ Yoast SEO plugin. -->","yoast_head_json":{"title":"Peter Marugg - &quot;COLLECT MEMORIES NOT THINGS&quot;","description":"per\u00f6nliche Reiseberichte von Peter Marugg","robots":{"index":"index","follow":"follow","max-snippet":"max-snippet:-1","max-image-preview":"max-image-preview:large","max-video-preview":"max-video-preview:-1"},"canonical":"https:\/\/reisender.ch\/?page_id=428","og_locale":"de_DE","og_type":"article","og_title":"Peter Marugg - &quot;COLLECT MEMORIES NOT THINGS&quot;","og_description":"per\u00f6nliche Reiseberichte von Peter Marugg","og_url":"https:\/\/reisender.ch\/?page_id=428","og_site_name":"&quot;COLLECT MEMORIES NOT THINGS&quot;","article_modified_time":"2024-11-15T15:29:34+00:00","og_image":[{"width":802,"height":540,"url":"https:\/\/reisender.ch\/wp-content\/uploads\/2018\/07\/356-Peter-Marugg-555892.jpg","type":"image\/jpeg"}],"twitter_card":"summary_large_image","twitter_misc":{"Gesch\u00e4tzte Lesezeit":"1\u00a0Minute"},"schema":{"@context":"https:\/\/schema.org","@graph":[{"@type":"WebPage","@id":"https:\/\/reisender.ch\/?page_id=428","url":"https:\/\/reisender.ch\/?page_id=428","name":"Peter Marugg - &quot;COLLECT MEMORIES NOT THINGS&quot;","isPartOf":{"@id":"https:\/\/reisender.ch\/#website"},"primaryImageOfPage":{"@id":"https:\/\/reisender.ch\/?page_id=428#primaryimage"},"image":{"@id":"https:\/\/reisender.ch\/?page_id=428#primaryimage"},"thumbnailUrl":"https:\/\/reisender.ch\/wp-content\/uploads\/2018\/07\/356-Peter-Marugg-555892.jpg","datePublished":"2018-07-17T11:15:36+00:00","dateModified":"2024-11-15T15:29:34+00:00","description":"per\u00f6nliche Reiseberichte von Peter Marugg","breadcrumb":{"@id":"https:\/\/reisender.ch\/?page_id=428#breadcrumb"},"inLanguage":"de","potentialAction":[{"@type":"ReadAction","target":["https:\/\/reisender.ch\/?page_id=428"]}]},{"@type":"ImageObject","inLanguage":"de","@id":"https:\/\/reisender.ch\/?page_id=428#primaryimage","url":"https:\/\/reisender.ch\/wp-content\/uploads\/2018\/07\/356-Peter-Marugg-555892.jpg","contentUrl":"https:\/\/reisender.ch\/wp-content\/uploads\/2018\/07\/356-Peter-Marugg-555892.jpg","width":802,"height":540},{"@type":"BreadcrumbList","@id":"https:\/\/reisender.ch\/?page_id=428#breadcrumb","itemListElement":[{"@type":"ListItem","position":1,"name":"Startseite","item":"https:\/\/reisender.ch\/"},{"@type":"ListItem","position":2,"name":"Peter Marugg"}]},{"@type":"WebSite","@id":"https:\/\/reisender.ch\/#website","url":"https:\/\/reisender.ch\/","name":"Reiseberichte \"COLLECT MEMORIES NOT THINGS\"","description":"Reiseberichte von Peter Marugg","publisher":{"@id":"https:\/\/reisender.ch\/#\/schema\/person\/7a2a5b216278d810a7b5b4d345332d46"},"potentialAction":[{"@type":"SearchAction","target":{"@type":"EntryPoint","urlTemplate":"https:\/\/reisender.ch\/?s={search_term_string}"},"query-input":{"@type":"PropertyValueSpecification","valueRequired":true,"valueName":"search_term_string"}}],"inLanguage":"de"},{"@type":["Person","Organization"],"@id":"https:\/\/reisender.ch\/#\/schema\/person\/7a2a5b216278d810a7b5b4d345332d46","name":"Peter Marugg","image":{"@type":"ImageObject","inLanguage":"de","@id":"https:\/\/reisender.ch\/wp-content\/uploads\/2021\/11\/Peter-Marugg-14.jpg","url":"https:\/\/reisender.ch\/wp-content\/uploads\/2021\/11\/Peter-Marugg-14.jpg","contentUrl":"https:\/\/reisender.ch\/wp-content\/uploads\/2021\/11\/Peter-Marugg-14.jpg","width":400,"height":400,"caption":"Peter Marugg"},"logo":{"@id":"https:\/\/reisender.ch\/wp-content\/uploads\/2021\/11\/Peter-Marugg-14.jpg"},"sameAs":["http:\/\/www.marugg-marketing.ch\/"]}]}},"_links":{"self":[{"href":"https:\/\/reisender.ch\/index.php?rest_route=\/wp\/v2\/pages\/428","targetHints":{"allow":["GET"]}}],"collection":[{"href":"https:\/\/reisender.ch\/index.php?rest_route=\/wp\/v2\/pages"}],"about":[{"href":"https:\/\/reisender.ch\/index.php?rest_route=\/wp\/v2\/types\/page"}],"author":[{"embeddable":true,"href":"https:\/\/reisender.ch\/index.php?rest_route=\/wp\/v2\/users\/3"}],"replies":[{"embeddable":true,"href":"https:\/\/reisender.ch\/index.php?rest_route=%2Fwp%2Fv2%2Fcomments&post=428"}],"version-history":[{"count":13,"href":"https:\/\/reisender.ch\/index.php?rest_route=\/wp\/v2\/pages\/428\/revisions"}],"predecessor-version":[{"id":1713,"href":"https:\/\/reisender.ch\/index.php?rest_route=\/wp\/v2\/pages\/428\/revisions\/1713"}],"wp:attachment":[{"href":"https:\/\/reisender.ch\/index.php?rest_route=%2Fwp%2Fv2%2Fmedia&parent=428"}],"curies":[{"name":"wp","href":"https:\/\/api.w.org\/{rel}","templated":true}]}}