{"id":439,"date":"2018-07-17T16:04:05","date_gmt":"2018-07-17T14:04:05","guid":{"rendered":"https:\/\/reisender.ch\/?page_id=439"},"modified":"2026-03-06T16:02:00","modified_gmt":"2026-03-06T15:02:00","slug":"impressum","status":"publish","type":"page","link":"https:\/\/reisender.ch\/?page_id=439","title":{"rendered":"Impressum"},"content":{"rendered":"<h3><\/h3>\n<p><img loading=\"lazy\" decoding=\"async\" class=\"alignnone wp-image-450\" src=\"https:\/\/reisender.ch\/wp-content\/uploads\/2018\/07\/Golden-Gate-Bridge-at-Sunrise-San-Francisco.jpg\" alt=\"\" width=\"862\" height=\"574\" srcset=\"https:\/\/reisender.ch\/wp-content\/uploads\/2018\/07\/Golden-Gate-Bridge-at-Sunrise-San-Francisco.jpg 3391w, https:\/\/reisender.ch\/wp-content\/uploads\/2018\/07\/Golden-Gate-Bridge-at-Sunrise-San-Francisco-300x200.jpg 300w, https:\/\/reisender.ch\/wp-content\/uploads\/2018\/07\/Golden-Gate-Bridge-at-Sunrise-San-Francisco-768x512.jpg 768w, https:\/\/reisender.ch\/wp-content\/uploads\/2018\/07\/Golden-Gate-Bridge-at-Sunrise-San-Francisco-1024x682.jpg 1024w\" sizes=\"auto, (max-width: 862px) 100vw, 862px\" \/><\/p>\n<p>&nbsp;<\/p>\n<p><span style=\"color: #ff0000;\"><strong>Herausgeber<\/strong><\/span><br \/>\nPeter Marugg<br \/>\nStrada ai Boschi 48<br \/>\nCH-6991 Neggio<\/p>\n<p><span style=\"color: #ff0000;\"><strong>Gestaltung<\/strong><\/span><br \/>\nPeter Marugg, Neggio<\/p>\n<p><span style=\"color: #ff0000;\"><strong>Haftungsausschluss<\/strong><\/span><\/p>\n<p>Der Autor \u00fcbernimmt keinerlei Gew\u00e4hr hinsichtlich der inhaltlichen Richtigkeit,<br \/>\nGenauigkeit, Aktualit\u00e4t, Zuverl\u00e4ssigkeit und Vollst\u00e4ndigkeit der Informationen.<\/p>\n<p>Haftungsanspr\u00fcche gegen den Autor wegen Sch\u00e4den materieller oder immaterieller<br \/>\nArt, welche aus dem Zugriff oder der Nutzung bzw. Nichtnutzung der ver\u00f6ffentlichten<br \/>\nInformationen, durch Missbrauch der Verbindung oder durch technische St\u00f6rungen<br \/>\nentstanden sind, werden ausgeschlossen.<\/p>\n<p>Alle Angebote sind unverbindlich. Der Autor beh\u00e4lt es sich ausdr\u00fccklich vor, Teile<br \/>\nder Seiten oder das gesamte Angebot ohne gesonderte Ank\u00fcndigung zu ver\u00e4ndern,<br \/>\nzu erg\u00e4nzen, zu l\u00f6schen oder die Ver\u00f6ffentlichung zeitweise oder endg\u00fcltig einzustellen.<\/p>\n<p><span style=\"color: #ff0000;\"><strong>Haftung f\u00fcr Links<\/strong><\/span><\/p>\n<p>Verweise und Links auf Webseiten Dritter liegen ausserhalb unseres Verantwortungsbereichs<br \/>\nEs wird jegliche Verantwortung f\u00fcr solche Webseiten abgelehnt. Der Zugriff und die Nutzung<br \/>\nsolcher Webseiten erfolgen auf eigene Gefahr des Nutzers oder der Nutzerin.<\/p>\n<p><span style=\"color: #ff0000;\"><strong>Urheberrechte<\/strong><\/span><\/p>\n<p>Die Urheber- und alle anderen Rechte an Inhalten, Bildern, Fotos oder anderen Dateien<br \/>\nauf der Website geh\u00f6ren ausschliesslich <strong>Peter Marugg<\/strong> oder den speziell<br \/>\ngenannten Rechtsinhabern. F\u00fcr die Reproduktion jeglicher Elemente ist die schriftliche<br \/>\nZustimmung der Urheberrechtstr\u00e4ger im Voraus einzuholen.<\/p>\n<p><span style=\"color: #ff0000;\"><strong>Datenschutz<\/strong><\/span><\/p>\n<p>Gest\u00fctzt auf Artikel 13 der schweizerischen Bundesverfassung und die<br \/>\ndatenschutzrechtlichen Bestimmungen des Bundes (Datenschutzgesetz, DSG) hat jede Person<br \/>\nAnspruch auf Schutz ihrer Privatsph\u00e4re sowie auf Schutz vor Missbrauch ihrer pers\u00f6nlichen<br \/>\nDaten. Wir halten diese Bestimmungen ein. Pers\u00f6nliche Daten werden streng vertraulich<br \/>\nbehandelt und weder an Dritte verkauft noch weitergegeben.<\/p>\n<p>In enger Zusammenarbeit mit unseren Hosting-Providern bem\u00fchen wir uns, die Datenbanken<br \/>\nso gut wie m\u00f6glich vor fremden Zugriffen, Verlusten, Missbrauch oder vor F\u00e4lschung zu sch\u00fctzen.<\/p>\n<p>Beim Zugriff auf unsere Webseiten werden folgende Daten in Logfiles gespeichert:<br \/>\nIP-Adresse, Datum, Uhrzeit, Browser-Anfrage und allg. \u00fcbertragene Informationen zum<br \/>\nBetriebssystem resp. Browser.<br \/>\nDiese Nutzungsdaten bilden die Basis f\u00fcr statistische, anonyme Auswertungen, so dass<br \/>\nTrends erkennbar sind, anhand derer wir unsere Angebote entsprechend verbessern k\u00f6nnen.<\/p>\n<p><span style=\"color: #ff0000;\"><strong>Datenschutzerkl\u00e4rung f\u00fcr die Nutzung von Google Analytics<\/strong><\/span><\/p>\n<p>Diese Website benutzt Google Analytics, einen Webanalysedienst der Google Inc. (&#8222;Google&#8220;).<br \/>\nGoogle Analytics verwendet sog. &#8222;Cookies&#8220;, Textdateien, die auf Ihrem Computer gespeichert<br \/>\nwerden und die eine Analyse der Benutzung der Website durch Sie erm\u00f6glichen. Die durch<br \/>\nCookie erzeugten Informationen \u00fcber Ihre Benutzung dieser Website werden in der Regel an<br \/>\neinen Server von Google in den USA \u00fcbertragen und dort gespeichert. Im Falle der Aktivierung<br \/>\nder IP-Anonymisierung auf dieser Webseite wird Ihre IP-Adresse von Google jedoch innerhalb<br \/>\nvon Mitgliedstaaten der Europ\u00e4ischen Unionoder in anderen Vertragsstaaten des Abkommens<br \/>\n\u00fcber den Europ\u00e4ischen Wirtschaftsraum zuvor gek\u00fcrzt.<\/p>\n<p>Nur in Ausnahmef\u00e4llen wird die volle IP-Adresse an einen Server von Google in den USA<br \/>\n\u00fcbertragen und dort gek\u00fcrzt. Google wird diese Informationen benutzen, um Ihre Nutzung<br \/>\nder Website auszuwerten, um Reports \u00fcber die Websiteaktivit\u00e4ten f\u00fcr die Websitebetreiber<br \/>\nzusammenzustellen und um weitere mit der Websitenutzung und der Internetnutzung<br \/>\nverbundene Dienstleistungen zu erbringen. Auch wird Google diese Informationen<br \/>\ngegebenenfalls an Dritte \u00fcbertragen, sofern dies gesetzlich vorgeschrieben oder soweit<br \/>\nDritte diese Daten im Auftrag von Google verarbeiten. Die im Rahmen von Google Analytics<br \/>\nvon Ihrem Browser \u00fcbermittelte IP-Adresse wird nicht mit anderen Daten von Google<br \/>\nzusammengef\u00fchrt.<\/p>\n<p>Sie k\u00f6nnen die Installation der Cookies durch eine entsprechende Einstellung Ihrer<br \/>\nBrowser Software verhindern; wir weisen Sie jedoch darauf hin, dass Sie in diesem Fall<br \/>\ngegebenenfalls nicht s\u00e4mtliche Funktionen dieser Website voll umf\u00e4nglich nutzen k\u00f6nnen.<br \/>\nDurch die Nutzung dieser Website erkl\u00e4ren Sie sich mit der Bearbeitung der \u00fcber Sie<br \/>\nerhobenen Daten durch Google in der zuvor beschriebenen Art und Weise und zu dem<br \/>\nzuvor benannten Zweck einverstanden.<\/p>\n<p>Peter Marugg, 06. M\u00e4rz 2026<\/p>\n<p>&nbsp;<\/p>\n<p>&nbsp;<\/p>\n<p>&nbsp;<\/p>\n","protected":false},"excerpt":{"rendered":"<p>&nbsp; Herausgeber Peter Marugg Strada ai Boschi 48 CH-6991 Neggio Gestaltung Peter Marugg, Neggio Haftungsausschluss Der Autor \u00fcbernimmt keinerlei Gew\u00e4hr hinsichtlich der inhaltlichen Richtigkeit, Genauigkeit, Aktualit\u00e4t, Zuverl\u00e4ssigkeit und Vollst\u00e4ndigkeit der Informationen. Haftungsanspr\u00fcche gegen den Autor wegen Sch\u00e4den materieller oder immaterieller Art, welche aus dem Zugriff oder der Nutzung bzw. Nichtnutzung der ver\u00f6ffentlichten Informationen, durch Missbrauch&hellip;<\/p>\n","protected":false},"author":3,"featured_media":0,"parent":0,"menu_order":0,"comment_status":"closed","ping_status":"closed","template":"","meta":{"footnotes":""},"class_list":["post-439","page","type-page","status-publish","hentry"],"yoast_head":"<!-- This site is optimized with the Yoast SEO plugin v27.3 - https:\/\/yoast.com\/product\/yoast-seo-wordpress\/ -->\n<title>Impressum - &quot;COLLECT MEMORIES NOT THINGS&quot;<\/title>\n<meta name=\"robots\" content=\"index, follow, max-snippet:-1, max-image-preview:large, max-video-preview:-1\" \/>\n<link rel=\"canonical\" href=\"https:\/\/reisender.ch\/?page_id=439\" \/>\n<meta property=\"og:locale\" content=\"de_DE\" \/>\n<meta property=\"og:type\" content=\"article\" \/>\n<meta property=\"og:title\" content=\"Impressum - &quot;COLLECT MEMORIES NOT THINGS&quot;\" \/>\n<meta property=\"og:description\" content=\"&nbsp; Herausgeber Peter Marugg Strada ai Boschi 48 CH-6991 Neggio Gestaltung Peter Marugg, Neggio Haftungsausschluss Der Autor \u00fcbernimmt keinerlei Gew\u00e4hr hinsichtlich der inhaltlichen Richtigkeit, Genauigkeit, Aktualit\u00e4t, Zuverl\u00e4ssigkeit und Vollst\u00e4ndigkeit der Informationen. Haftungsanspr\u00fcche gegen den Autor wegen Sch\u00e4den materieller oder immaterieller Art, welche aus dem Zugriff oder der Nutzung bzw. Nichtnutzung der ver\u00f6ffentlichten Informationen, durch Missbrauch&hellip;\" \/>\n<meta property=\"og:url\" content=\"https:\/\/reisender.ch\/?page_id=439\" \/>\n<meta property=\"og:site_name\" content=\"&quot;COLLECT MEMORIES NOT THINGS&quot;\" \/>\n<meta property=\"article:modified_time\" content=\"2026-03-06T15:02:00+00:00\" \/>\n<meta property=\"og:image\" content=\"https:\/\/reisender.ch\/wp-content\/uploads\/2018\/07\/Golden-Gate-Bridge-at-Sunrise-San-Francisco.jpg\" \/>\n\t<meta property=\"og:image:width\" content=\"3391\" \/>\n\t<meta property=\"og:image:height\" content=\"2260\" \/>\n\t<meta property=\"og:image:type\" content=\"image\/jpeg\" \/>\n<meta name=\"twitter:card\" content=\"summary_large_image\" \/>\n<meta name=\"twitter:label1\" content=\"Gesch\u00e4tzte Lesezeit\" \/>\n\t<meta name=\"twitter:data1\" content=\"4\u00a0Minuten\" \/>\n<script type=\"application\/ld+json\" class=\"yoast-schema-graph\">{\"@context\":\"https:\\\/\\\/schema.org\",\"@graph\":[{\"@type\":\"WebPage\",\"@id\":\"https:\\\/\\\/reisender.ch\\\/?page_id=439\",\"url\":\"https:\\\/\\\/reisender.ch\\\/?page_id=439\",\"name\":\"Impressum - &quot;COLLECT MEMORIES NOT THINGS&quot;\",\"isPartOf\":{\"@id\":\"https:\\\/\\\/reisender.ch\\\/#website\"},\"primaryImageOfPage\":{\"@id\":\"https:\\\/\\\/reisender.ch\\\/?page_id=439#primaryimage\"},\"image\":{\"@id\":\"https:\\\/\\\/reisender.ch\\\/?page_id=439#primaryimage\"},\"thumbnailUrl\":\"https:\\\/\\\/reisender.ch\\\/wp-content\\\/uploads\\\/2018\\\/07\\\/Golden-Gate-Bridge-at-Sunrise-San-Francisco.jpg\",\"datePublished\":\"2018-07-17T14:04:05+00:00\",\"dateModified\":\"2026-03-06T15:02:00+00:00\",\"breadcrumb\":{\"@id\":\"https:\\\/\\\/reisender.ch\\\/?page_id=439#breadcrumb\"},\"inLanguage\":\"de\",\"potentialAction\":[{\"@type\":\"ReadAction\",\"target\":[\"https:\\\/\\\/reisender.ch\\\/?page_id=439\"]}]},{\"@type\":\"ImageObject\",\"inLanguage\":\"de\",\"@id\":\"https:\\\/\\\/reisender.ch\\\/?page_id=439#primaryimage\",\"url\":\"https:\\\/\\\/reisender.ch\\\/wp-content\\\/uploads\\\/2018\\\/07\\\/Golden-Gate-Bridge-at-Sunrise-San-Francisco.jpg\",\"contentUrl\":\"https:\\\/\\\/reisender.ch\\\/wp-content\\\/uploads\\\/2018\\\/07\\\/Golden-Gate-Bridge-at-Sunrise-San-Francisco.jpg\",\"width\":3391,\"height\":2260},{\"@type\":\"BreadcrumbList\",\"@id\":\"https:\\\/\\\/reisender.ch\\\/?page_id=439#breadcrumb\",\"itemListElement\":[{\"@type\":\"ListItem\",\"position\":1,\"name\":\"Startseite\",\"item\":\"https:\\\/\\\/reisender.ch\\\/\"},{\"@type\":\"ListItem\",\"position\":2,\"name\":\"Impressum\"}]},{\"@type\":\"WebSite\",\"@id\":\"https:\\\/\\\/reisender.ch\\\/#website\",\"url\":\"https:\\\/\\\/reisender.ch\\\/\",\"name\":\"Reiseberichte \\\"COLLECT MEMORIES NOT THINGS\\\"\",\"description\":\"Reiseberichte von Peter Marugg\",\"publisher\":{\"@id\":\"https:\\\/\\\/reisender.ch\\\/#\\\/schema\\\/person\\\/7a2a5b216278d810a7b5b4d345332d46\"},\"potentialAction\":[{\"@type\":\"SearchAction\",\"target\":{\"@type\":\"EntryPoint\",\"urlTemplate\":\"https:\\\/\\\/reisender.ch\\\/?s={search_term_string}\"},\"query-input\":{\"@type\":\"PropertyValueSpecification\",\"valueRequired\":true,\"valueName\":\"search_term_string\"}}],\"inLanguage\":\"de\"},{\"@type\":[\"Person\",\"Organization\"],\"@id\":\"https:\\\/\\\/reisender.ch\\\/#\\\/schema\\\/person\\\/7a2a5b216278d810a7b5b4d345332d46\",\"name\":\"Peter Marugg\",\"image\":{\"@type\":\"ImageObject\",\"inLanguage\":\"de\",\"@id\":\"https:\\\/\\\/reisender.ch\\\/wp-content\\\/uploads\\\/2021\\\/11\\\/Peter-Marugg-14.jpg\",\"url\":\"https:\\\/\\\/reisender.ch\\\/wp-content\\\/uploads\\\/2021\\\/11\\\/Peter-Marugg-14.jpg\",\"contentUrl\":\"https:\\\/\\\/reisender.ch\\\/wp-content\\\/uploads\\\/2021\\\/11\\\/Peter-Marugg-14.jpg\",\"width\":400,\"height\":400,\"caption\":\"Peter Marugg\"},\"logo\":{\"@id\":\"https:\\\/\\\/reisender.ch\\\/wp-content\\\/uploads\\\/2021\\\/11\\\/Peter-Marugg-14.jpg\"},\"sameAs\":[\"http:\\\/\\\/www.marugg-marketing.ch\\\/\"]}]}<\/script>\n<!-- \/ Yoast SEO plugin. -->","yoast_head_json":{"title":"Impressum - &quot;COLLECT MEMORIES NOT THINGS&quot;","robots":{"index":"index","follow":"follow","max-snippet":"max-snippet:-1","max-image-preview":"max-image-preview:large","max-video-preview":"max-video-preview:-1"},"canonical":"https:\/\/reisender.ch\/?page_id=439","og_locale":"de_DE","og_type":"article","og_title":"Impressum - &quot;COLLECT MEMORIES NOT THINGS&quot;","og_description":"&nbsp; Herausgeber Peter Marugg Strada ai Boschi 48 CH-6991 Neggio Gestaltung Peter Marugg, Neggio Haftungsausschluss Der Autor \u00fcbernimmt keinerlei Gew\u00e4hr hinsichtlich der inhaltlichen Richtigkeit, Genauigkeit, Aktualit\u00e4t, Zuverl\u00e4ssigkeit und Vollst\u00e4ndigkeit der Informationen. Haftungsanspr\u00fcche gegen den Autor wegen Sch\u00e4den materieller oder immaterieller Art, welche aus dem Zugriff oder der Nutzung bzw. Nichtnutzung der ver\u00f6ffentlichten Informationen, durch Missbrauch&hellip;","og_url":"https:\/\/reisender.ch\/?page_id=439","og_site_name":"&quot;COLLECT MEMORIES NOT THINGS&quot;","article_modified_time":"2026-03-06T15:02:00+00:00","og_image":[{"width":3391,"height":2260,"url":"https:\/\/reisender.ch\/wp-content\/uploads\/2018\/07\/Golden-Gate-Bridge-at-Sunrise-San-Francisco.jpg","type":"image\/jpeg"}],"twitter_card":"summary_large_image","twitter_misc":{"Gesch\u00e4tzte Lesezeit":"4\u00a0Minuten"},"schema":{"@context":"https:\/\/schema.org","@graph":[{"@type":"WebPage","@id":"https:\/\/reisender.ch\/?page_id=439","url":"https:\/\/reisender.ch\/?page_id=439","name":"Impressum - &quot;COLLECT MEMORIES NOT THINGS&quot;","isPartOf":{"@id":"https:\/\/reisender.ch\/#website"},"primaryImageOfPage":{"@id":"https:\/\/reisender.ch\/?page_id=439#primaryimage"},"image":{"@id":"https:\/\/reisender.ch\/?page_id=439#primaryimage"},"thumbnailUrl":"https:\/\/reisender.ch\/wp-content\/uploads\/2018\/07\/Golden-Gate-Bridge-at-Sunrise-San-Francisco.jpg","datePublished":"2018-07-17T14:04:05+00:00","dateModified":"2026-03-06T15:02:00+00:00","breadcrumb":{"@id":"https:\/\/reisender.ch\/?page_id=439#breadcrumb"},"inLanguage":"de","potentialAction":[{"@type":"ReadAction","target":["https:\/\/reisender.ch\/?page_id=439"]}]},{"@type":"ImageObject","inLanguage":"de","@id":"https:\/\/reisender.ch\/?page_id=439#primaryimage","url":"https:\/\/reisender.ch\/wp-content\/uploads\/2018\/07\/Golden-Gate-Bridge-at-Sunrise-San-Francisco.jpg","contentUrl":"https:\/\/reisender.ch\/wp-content\/uploads\/2018\/07\/Golden-Gate-Bridge-at-Sunrise-San-Francisco.jpg","width":3391,"height":2260},{"@type":"BreadcrumbList","@id":"https:\/\/reisender.ch\/?page_id=439#breadcrumb","itemListElement":[{"@type":"ListItem","position":1,"name":"Startseite","item":"https:\/\/reisender.ch\/"},{"@type":"ListItem","position":2,"name":"Impressum"}]},{"@type":"WebSite","@id":"https:\/\/reisender.ch\/#website","url":"https:\/\/reisender.ch\/","name":"Reiseberichte \"COLLECT MEMORIES NOT THINGS\"","description":"Reiseberichte von Peter Marugg","publisher":{"@id":"https:\/\/reisender.ch\/#\/schema\/person\/7a2a5b216278d810a7b5b4d345332d46"},"potentialAction":[{"@type":"SearchAction","target":{"@type":"EntryPoint","urlTemplate":"https:\/\/reisender.ch\/?s={search_term_string}"},"query-input":{"@type":"PropertyValueSpecification","valueRequired":true,"valueName":"search_term_string"}}],"inLanguage":"de"},{"@type":["Person","Organization"],"@id":"https:\/\/reisender.ch\/#\/schema\/person\/7a2a5b216278d810a7b5b4d345332d46","name":"Peter Marugg","image":{"@type":"ImageObject","inLanguage":"de","@id":"https:\/\/reisender.ch\/wp-content\/uploads\/2021\/11\/Peter-Marugg-14.jpg","url":"https:\/\/reisender.ch\/wp-content\/uploads\/2021\/11\/Peter-Marugg-14.jpg","contentUrl":"https:\/\/reisender.ch\/wp-content\/uploads\/2021\/11\/Peter-Marugg-14.jpg","width":400,"height":400,"caption":"Peter Marugg"},"logo":{"@id":"https:\/\/reisender.ch\/wp-content\/uploads\/2021\/11\/Peter-Marugg-14.jpg"},"sameAs":["http:\/\/www.marugg-marketing.ch\/"]}]}},"_links":{"self":[{"href":"https:\/\/reisender.ch\/index.php?rest_route=\/wp\/v2\/pages\/439","targetHints":{"allow":["GET"]}}],"collection":[{"href":"https:\/\/reisender.ch\/index.php?rest_route=\/wp\/v2\/pages"}],"about":[{"href":"https:\/\/reisender.ch\/index.php?rest_route=\/wp\/v2\/types\/page"}],"author":[{"embeddable":true,"href":"https:\/\/reisender.ch\/index.php?rest_route=\/wp\/v2\/users\/3"}],"replies":[{"embeddable":true,"href":"https:\/\/reisender.ch\/index.php?rest_route=%2Fwp%2Fv2%2Fcomments&post=439"}],"version-history":[{"count":16,"href":"https:\/\/reisender.ch\/index.php?rest_route=\/wp\/v2\/pages\/439\/revisions"}],"predecessor-version":[{"id":1974,"href":"https:\/\/reisender.ch\/index.php?rest_route=\/wp\/v2\/pages\/439\/revisions\/1974"}],"wp:attachment":[{"href":"https:\/\/reisender.ch\/index.php?rest_route=%2Fwp%2Fv2%2Fmedia&parent=439"}],"curies":[{"name":"wp","href":"https:\/\/api.w.org\/{rel}","templated":true}]}}